{"id":205,"date":"2023-08-07T12:31:58","date_gmt":"2023-08-07T10:31:58","guid":{"rendered":"https:\/\/caramel-electricite.fr\/?page_id=205"},"modified":"2025-03-20T16:13:57","modified_gmt":"2025-03-20T15:13:57","slug":"renovation-electrique-royan","status":"publish","type":"page","link":"https:\/\/caramel-electricite.fr\/index.php\/renovation-electrique-royan\/","title":{"rendered":"R\u00e9novation"},"content":{"rendered":"\t\t<div data-elementor-type=\"wp-page\" data-elementor-id=\"205\" class=\"elementor elementor-205\" data-elementor-post-type=\"page\">\n\t\t\t\t\t\t<section class=\"elementor-section elementor-top-section elementor-element elementor-element-9f8268f elementor-section-content-middle elementor-hidden-tablet elementor-hidden-phone elementor-section-boxed elementor-section-height-default elementor-section-height-default\" data-id=\"9f8268f\" data-element_type=\"section\" data-e-type=\"section\" data-settings=\"{&quot;background_background&quot;:&quot;classic&quot;}\">\n\t\t\t\t\t\t\t<div class=\"elementor-background-overlay\"><\/div>\n\t\t\t\t\t\t\t<div class=\"elementor-container elementor-column-gap-default\">\n\t\t\t\t\t<div class=\"elementor-column elementor-col-100 elementor-top-column elementor-element elementor-element-c28fdbe\" data-id=\"c28fdbe\" data-element_type=\"column\" data-e-type=\"column\" data-settings=\"{&quot;background_background&quot;:&quot;classic&quot;}\">\n\t\t\t<div class=\"elementor-widget-wrap elementor-element-populated\">\n\t\t\t\t\t\t<div class=\"elementor-element elementor-element-63b4947 elementor-widget elementor-widget-heading\" data-id=\"63b4947\" data-element_type=\"widget\" data-e-type=\"widget\" data-widget_type=\"heading.default\">\n\t\t\t\t<div class=\"elementor-widget-container\">\n\t\t\t\t\t<h2 class=\"elementor-heading-title elementor-size-default\">R\u00e9novation<\/h2>\t\t\t\t<\/div>\n\t\t\t\t<\/div>\n\t\t\t\t\t<\/div>\n\t\t<\/div>\n\t\t\t\t\t<\/div>\n\t\t<\/section>\n\t\t\t\t<section class=\"elementor-section elementor-top-section elementor-element elementor-element-0cf52e2 elementor-section-boxed elementor-section-height-default elementor-section-height-default\" data-id=\"0cf52e2\" data-element_type=\"section\" data-e-type=\"section\">\n\t\t\t\t\t\t<div class=\"elementor-container elementor-column-gap-default\">\n\t\t\t\t\t<div class=\"elementor-column elementor-col-100 elementor-top-column elementor-element elementor-element-467d20b\" data-id=\"467d20b\" data-element_type=\"column\" data-e-type=\"column\">\n\t\t\t<div class=\"elementor-widget-wrap elementor-element-populated\">\n\t\t\t\t\t\t<div class=\"elementor-element elementor-element-2e3a306 elementor-widget elementor-widget-spacer\" data-id=\"2e3a306\" data-element_type=\"widget\" data-e-type=\"widget\" data-widget_type=\"spacer.default\">\n\t\t\t\t<div class=\"elementor-widget-container\">\n\t\t\t\t\t\t\t<div class=\"elementor-spacer\">\n\t\t\t<div class=\"elementor-spacer-inner\"><\/div>\n\t\t<\/div>\n\t\t\t\t\t\t<\/div>\n\t\t\t\t<\/div>\n\t\t\t\t<div class=\"elementor-element elementor-element-ea6274c elementor-widget elementor-widget-heading\" data-id=\"ea6274c\" data-element_type=\"widget\" data-e-type=\"widget\" data-widget_type=\"heading.default\">\n\t\t\t\t<div class=\"elementor-widget-container\">\n\t\t\t\t\t<h2 class=\"elementor-heading-title elementor-size-default\">R\u00e9novation \u00e9lectrique Royan avec Nicolas Caramel <br>Modernisez votre installation pour plus de s\u00e9curit\u00e9 et de confort<\/h2>\t\t\t\t<\/div>\n\t\t\t\t<\/div>\n\t\t\t\t<div class=\"elementor-element elementor-element-f8423ed elementor-widget elementor-widget-text-editor\" data-id=\"f8423ed\" data-element_type=\"widget\" data-e-type=\"widget\" data-widget_type=\"text-editor.default\">\n\t\t\t\t<div class=\"elementor-widget-container\">\n\t\t\t\t\t\t\t\t\t<p data-pm-slice=\"1 1 []\">Votre installation \u00e9lectrique est-elle aux normes ? Vous constatez des pannes r\u00e9p\u00e9t\u00e9es, des prises d\u00e9fectueuses ou un tableau \u00e9lectrique vieillissant ? Il est peut-\u00eatre temps d\u2019envisager une r\u00e9novation \u00e9lectrique. Chez <strong>Nicolas Caramel<\/strong>, nous mettons notre expertise au service des particuliers et des professionnels pour moderniser les installations \u00e9lectriques et garantir un syst\u00e8me fiable, performant et conforme aux derni\u00e8res r\u00e9glementations.<\/p>\t\t\t\t\t\t\t\t<\/div>\n\t\t\t\t<\/div>\n\t\t\t\t<div class=\"elementor-element elementor-element-54a67fd elementor-widget elementor-widget-text-editor\" data-id=\"54a67fd\" data-element_type=\"widget\" data-e-type=\"widget\" data-widget_type=\"text-editor.default\">\n\t\t\t\t<div class=\"elementor-widget-container\">\n\t\t\t\t\t\t\t\t\t<p><span style=\"text-decoration: underline;\"><strong>Nos partenaires<\/strong><\/span><\/p>\t\t\t\t\t\t\t\t<\/div>\n\t\t\t\t<\/div>\n\t\t\t\t<section class=\"elementor-section elementor-inner-section elementor-element elementor-element-d6cacd2 elementor-section-boxed elementor-section-height-default elementor-section-height-default\" data-id=\"d6cacd2\" data-element_type=\"section\" data-e-type=\"section\">\n\t\t\t\t\t\t<div class=\"elementor-container elementor-column-gap-default\">\n\t\t\t\t\t<div class=\"elementor-column elementor-col-33 elementor-inner-column elementor-element elementor-element-7bd23ad\" data-id=\"7bd23ad\" data-element_type=\"column\" data-e-type=\"column\">\n\t\t\t<div class=\"elementor-widget-wrap elementor-element-populated\">\n\t\t\t\t\t\t<div class=\"elementor-element elementor-element-be1e692 elementor-widget elementor-widget-image\" data-id=\"be1e692\" data-element_type=\"widget\" data-e-type=\"widget\" data-widget_type=\"image.default\">\n\t\t\t\t<div class=\"elementor-widget-container\">\n\t\t\t\t\t\t\t\t\t\t\t\t\t\t\t\t<a href=\"https:\/\/intuis.fr\/\" target=\"_blank\" rel=\"noopener\">\n\t\t\t\t\t\t\t<img fetchpriority=\"high\" decoding=\"async\" width=\"800\" height=\"198\" src=\"https:\/\/caramel-electricite.fr\/wp-content\/uploads\/2023\/08\/logo-anime-1024x253.gif\" class=\"attachment-large size-large wp-image-365\" alt=\"intuis-17200-nicolas_caramel\" srcset=\"https:\/\/caramel-electricite.fr\/wp-content\/uploads\/2023\/08\/logo-anime-1024x253.gif 1024w, https:\/\/caramel-electricite.fr\/wp-content\/uploads\/2023\/08\/logo-anime-300x74.gif 300w, https:\/\/caramel-electricite.fr\/wp-content\/uploads\/2023\/08\/logo-anime-768x190.gif 768w\" sizes=\"(max-width: 800px) 100vw, 800px\" \/>\t\t\t\t\t\t\t\t<\/a>\n\t\t\t\t\t\t\t\t\t\t\t\t\t\t\t<\/div>\n\t\t\t\t<\/div>\n\t\t\t\t\t<\/div>\n\t\t<\/div>\n\t\t\t\t<div class=\"elementor-column elementor-col-33 elementor-inner-column elementor-element elementor-element-b9f3681\" data-id=\"b9f3681\" data-element_type=\"column\" data-e-type=\"column\">\n\t\t\t<div class=\"elementor-widget-wrap elementor-element-populated\">\n\t\t\t\t\t\t<div class=\"elementor-element elementor-element-6d17860 elementor-widget elementor-widget-image\" data-id=\"6d17860\" data-element_type=\"widget\" data-e-type=\"widget\" data-widget_type=\"image.default\">\n\t\t\t\t<div class=\"elementor-widget-container\">\n\t\t\t\t\t\t\t\t\t\t\t\t\t\t\t\t<a href=\"https:\/\/www.thermor.fr\/\" target=\"_blank\" rel=\"noopener\">\n\t\t\t\t\t\t\t<img decoding=\"async\" width=\"438\" height=\"114\" src=\"https:\/\/caramel-electricite.fr\/wp-content\/uploads\/2023\/08\/Copie-de-images.png\" class=\"attachment-large size-large wp-image-367\" alt=\"thermor-nicolas_caramel-17200\" srcset=\"https:\/\/caramel-electricite.fr\/wp-content\/uploads\/2023\/08\/Copie-de-images.png 438w, https:\/\/caramel-electricite.fr\/wp-content\/uploads\/2023\/08\/Copie-de-images-300x78.png 300w\" sizes=\"(max-width: 438px) 100vw, 438px\" \/>\t\t\t\t\t\t\t\t<\/a>\n\t\t\t\t\t\t\t\t\t\t\t\t\t\t\t<\/div>\n\t\t\t\t<\/div>\n\t\t\t\t\t<\/div>\n\t\t<\/div>\n\t\t\t\t<div class=\"elementor-column elementor-col-33 elementor-inner-column elementor-element elementor-element-85dba7c\" data-id=\"85dba7c\" data-element_type=\"column\" data-e-type=\"column\">\n\t\t\t<div class=\"elementor-widget-wrap elementor-element-populated\">\n\t\t\t\t\t\t<div class=\"elementor-element elementor-element-f3e773e elementor-widget elementor-widget-image\" data-id=\"f3e773e\" data-element_type=\"widget\" data-e-type=\"widget\" data-widget_type=\"image.default\">\n\t\t\t\t<div class=\"elementor-widget-container\">\n\t\t\t\t\t\t\t\t\t\t\t\t\t\t\t\t<a href=\"https:\/\/intuis.fr\/signature\/chauffage-electrique\/gamme-intuis-signature\" target=\"_blank\" rel=\"noopener\">\n\t\t\t\t\t\t\t<img decoding=\"async\" width=\"350\" height=\"131\" src=\"https:\/\/caramel-electricite.fr\/wp-content\/uploads\/2023\/08\/intuis-signature-logo.jpg.webp\" class=\"attachment-large size-large wp-image-366\" alt=\"intuis-signature-travaux-royan\" srcset=\"https:\/\/caramel-electricite.fr\/wp-content\/uploads\/2023\/08\/intuis-signature-logo.jpg.webp 350w, https:\/\/caramel-electricite.fr\/wp-content\/uploads\/2023\/08\/intuis-signature-logo.jpg-300x112.webp 300w\" sizes=\"(max-width: 350px) 100vw, 350px\" \/>\t\t\t\t\t\t\t\t<\/a>\n\t\t\t\t\t\t\t\t\t\t\t\t\t\t\t<\/div>\n\t\t\t\t<\/div>\n\t\t\t\t\t<\/div>\n\t\t<\/div>\n\t\t\t\t\t<\/div>\n\t\t<\/section>\n\t\t\t\t\t<\/div>\n\t\t<\/div>\n\t\t\t\t\t<\/div>\n\t\t<\/section>\n\t\t\t\t<section class=\"elementor-section elementor-top-section elementor-element elementor-element-7472f34 elementor-section-boxed elementor-section-height-default elementor-section-height-default\" data-id=\"7472f34\" data-element_type=\"section\" data-e-type=\"section\">\n\t\t\t\t\t\t<div class=\"elementor-container elementor-column-gap-default\">\n\t\t\t\t\t<div class=\"elementor-column elementor-col-50 elementor-top-column elementor-element elementor-element-7029c65\" data-id=\"7029c65\" data-element_type=\"column\" data-e-type=\"column\">\n\t\t\t<div class=\"elementor-widget-wrap elementor-element-populated\">\n\t\t\t\t\t\t<div class=\"elementor-element elementor-element-8b6e2aa elementor-widget elementor-widget-text-editor\" data-id=\"8b6e2aa\" data-element_type=\"widget\" data-e-type=\"widget\" data-widget_type=\"text-editor.default\">\n\t\t\t\t<div class=\"elementor-widget-container\">\n\t\t\t\t\t\t\t\t\t<h2 data-pm-slice=\"1 3 []\"><strong>Pourquoi r\u00e9nover votre installation \u00e9lectrique ?<\/strong><\/h2><p>Avec le temps, les installations \u00e9lectriques peuvent devenir obsol\u00e8tes et pr\u00e9senter des risques pour votre s\u00e9curit\u00e9 et votre confort quotidien. Une r\u00e9novation \u00e9lectrique permet de :<\/p><ul data-spread=\"false\"><li><p><strong>Renforcer la s\u00e9curit\u00e9<\/strong> : Un syst\u00e8me \u00e9lectrique vieillissant peut provoquer des courts-circuits ou des risques d\u2019incendie.<\/p><\/li><li><p><strong>Am\u00e9liorer l&#8217;efficacit\u00e9 \u00e9nerg\u00e9tique<\/strong> : Une mise \u00e0 niveau permet de r\u00e9duire la consommation d&#8217;\u00e9lectricit\u00e9 et d\u2019optimiser vos \u00e9quipements.<\/p><\/li><li><p><strong>Se conformer aux normes en vigueur<\/strong> : La norme NF C 15-100 impose des r\u00e8gles strictes pour assurer un usage \u00e9lectrique en toute s\u00e9curit\u00e9.<\/p><\/li><li><p><strong>Valoriser votre bien immobilier<\/strong> : Une installation moderne et aux normes est un atout pour la vente ou la location d\u2019un logement.<\/p><\/li><\/ul>\t\t\t\t\t\t\t\t<\/div>\n\t\t\t\t<\/div>\n\t\t\t\t<div class=\"elementor-element elementor-element-3a58507 elementor-align-left elementor-widget elementor-widget-button\" data-id=\"3a58507\" data-element_type=\"widget\" data-e-type=\"widget\" data-widget_type=\"button.default\">\n\t\t\t\t<div class=\"elementor-widget-container\">\n\t\t\t\t\t\t\t\t\t<div class=\"elementor-button-wrapper\">\n\t\t\t\t\t<a class=\"elementor-button elementor-button-link elementor-size-sm\" href=\"https:\/\/caramel-electricite.fr\/index.php\/nous-trouver\/\">\n\t\t\t\t\t\t<span class=\"elementor-button-content-wrapper\">\n\t\t\t\t\t\t\t\t\t<span class=\"elementor-button-text\">Nous contacter<\/span>\n\t\t\t\t\t<\/span>\n\t\t\t\t\t<\/a>\n\t\t\t\t<\/div>\n\t\t\t\t\t\t\t\t<\/div>\n\t\t\t\t<\/div>\n\t\t\t\t\t<\/div>\n\t\t<\/div>\n\t\t\t\t<div class=\"elementor-column elementor-col-50 elementor-top-column elementor-element elementor-element-6a4c32b\" data-id=\"6a4c32b\" data-element_type=\"column\" data-e-type=\"column\">\n\t\t\t<div class=\"elementor-widget-wrap elementor-element-populated\">\n\t\t\t\t\t\t<div class=\"elementor-element elementor-element-c1364f6 elementor-widget elementor-widget-image\" data-id=\"c1364f6\" data-element_type=\"widget\" data-e-type=\"widget\" data-widget_type=\"image.default\">\n\t\t\t\t<div class=\"elementor-widget-container\">\n\t\t\t\t\t\t\t\t\t\t\t\t\t\t\t<img loading=\"lazy\" decoding=\"async\" width=\"800\" height=\"589\" src=\"https:\/\/caramel-electricite.fr\/wp-content\/uploads\/2024\/09\/coffret-avant-coffret-apres-1024x754.png\" class=\"attachment-large size-large wp-image-538\" alt=\"R\u00e9novation \u00e9lectrique Royan\" srcset=\"https:\/\/caramel-electricite.fr\/wp-content\/uploads\/2024\/09\/coffret-avant-coffret-apres-1024x754.png 1024w, https:\/\/caramel-electricite.fr\/wp-content\/uploads\/2024\/09\/coffret-avant-coffret-apres-300x221.png 300w, https:\/\/caramel-electricite.fr\/wp-content\/uploads\/2024\/09\/coffret-avant-coffret-apres-768x566.png 768w, https:\/\/caramel-electricite.fr\/wp-content\/uploads\/2024\/09\/coffret-avant-coffret-apres.png 1314w\" sizes=\"(max-width: 800px) 100vw, 800px\" \/>\t\t\t\t\t\t\t\t\t\t\t\t\t\t\t<\/div>\n\t\t\t\t<\/div>\n\t\t\t\t\t<\/div>\n\t\t<\/div>\n\t\t\t\t\t<\/div>\n\t\t<\/section>\n\t\t\t\t<section class=\"elementor-section elementor-top-section elementor-element elementor-element-9f8c030 elementor-section-boxed elementor-section-height-default elementor-section-height-default\" data-id=\"9f8c030\" data-element_type=\"section\" data-e-type=\"section\">\n\t\t\t\t\t\t<div class=\"elementor-container elementor-column-gap-default\">\n\t\t\t\t\t<div class=\"elementor-column elementor-col-100 elementor-top-column elementor-element elementor-element-1f6aaf4\" data-id=\"1f6aaf4\" data-element_type=\"column\" data-e-type=\"column\">\n\t\t\t<div class=\"elementor-widget-wrap elementor-element-populated\">\n\t\t\t\t\t\t<div class=\"elementor-element elementor-element-b083613 elementor-widget elementor-widget-spacer\" data-id=\"b083613\" data-element_type=\"widget\" data-e-type=\"widget\" data-widget_type=\"spacer.default\">\n\t\t\t\t<div class=\"elementor-widget-container\">\n\t\t\t\t\t\t\t<div class=\"elementor-spacer\">\n\t\t\t<div class=\"elementor-spacer-inner\"><\/div>\n\t\t<\/div>\n\t\t\t\t\t\t<\/div>\n\t\t\t\t<\/div>\n\t\t\t\t<div class=\"elementor-element elementor-element-9ab022d elementor-widget elementor-widget-text-editor\" data-id=\"9ab022d\" data-element_type=\"widget\" data-e-type=\"widget\" data-widget_type=\"text-editor.default\">\n\t\t\t\t<div class=\"elementor-widget-container\">\n\t\t\t\t\t\t\t\t\t<h2 data-pm-slice=\"1 1 []\"><strong>Nos services de r\u00e9novation \u00e9lectrique<\/strong><\/h2><p>Chez <strong>Nicolas Caramel<\/strong>, nous proposons une r\u00e9novation compl\u00e8te et adapt\u00e9e \u00e0 vos besoins. Nous intervenons \u00e0 <strong>Vaux-sur-Mer, Royan, Saint-Palais-sur-Mer, La Palmyre et dans toute la Charente-Maritime<\/strong> pour moderniser votre installation \u00e9lectrique.<\/p><h3><strong>1. Diagnostic et audit \u00e9lectrique<\/strong><\/h3><p>Avant toute intervention, nous r\u00e9alisons un audit complet de votre installation afin d&#8217;identifier les d\u00e9fauts et les \u00e9l\u00e9ments \u00e0 am\u00e9liorer. Ce diagnostic permet de proposer une solution sur mesure pour une mise en conformit\u00e9 efficace.<\/p><h3><strong>2. Mise aux normes et remplacement du tableau \u00e9lectrique<\/strong><\/h3><p>Le tableau \u00e9lectrique est le c\u0153ur de votre installation. Un tableau obsol\u00e8te peut engendrer des pannes r\u00e9p\u00e9t\u00e9es et pr\u00e9senter un danger. Nous proc\u00e9dons au remplacement des anciens tableaux par des mod\u00e8les modernes dot\u00e9s de disjoncteurs diff\u00e9rentiels et de protections adapt\u00e9es \u00e0 vos besoins.<\/p><h3><strong>3. Remplacement du c\u00e2blage et des prises \u00e9lectriques<\/strong><\/h3><p>Les installations \u00e9lectriques anciennes poss\u00e8dent souvent un c\u00e2blage us\u00e9 ou sous-dimensionn\u00e9. Nous rempla\u00e7ons les c\u00e2bles, prises et interrupteurs pour garantir une alimentation s\u00fbre et performante dans toutes les pi\u00e8ces.<\/p><h3><strong>4. Installation de nouvelles solutions \u00e9lectriques<\/strong><\/h3><p>Une r\u00e9novation est l\u2019occasion d\u2019optimiser votre confort et votre consommation \u00e9nerg\u00e9tique. Nous int\u00e9grons des solutions modernes telles que :<\/p><p><strong>L\u2019installation de prises intelligentes et USB<\/strong><\/p><p><strong>L\u2019ajout d\u2019un \u00e9clairage LED \u00e9conomique et performant<\/strong><\/p><p><strong>La mise en place d\u2019un syst\u00e8me domotique pour un contr\u00f4le intelligent de votre maison<\/strong><\/p><h3><strong>5. R\u00e9novation des installations \u00e9lectriques en milieu ancien<\/strong><\/h3><p>Les maisons anciennes n\u2019ont pas toujours \u00e9t\u00e9 con\u00e7ues pour supporter les \u00e9quipements \u00e9lectriques modernes. Nous adaptons et renfor\u00e7ons votre installation tout en respectant le cachet et l\u2019architecture de votre b\u00e2timent.<\/p>\t\t\t\t\t\t\t\t<\/div>\n\t\t\t\t<\/div>\n\t\t\t\t\t<\/div>\n\t\t<\/div>\n\t\t\t\t\t<\/div>\n\t\t<\/section>\n\t\t\t\t<section class=\"elementor-section elementor-top-section elementor-element elementor-element-ab76095 elementor-section-boxed elementor-section-height-default elementor-section-height-default\" data-id=\"ab76095\" data-element_type=\"section\" data-e-type=\"section\">\n\t\t\t\t\t\t<div class=\"elementor-container elementor-column-gap-default\">\n\t\t\t\t\t<div class=\"elementor-column elementor-col-50 elementor-top-column elementor-element elementor-element-6670f6f\" data-id=\"6670f6f\" data-element_type=\"column\" data-e-type=\"column\">\n\t\t\t<div class=\"elementor-widget-wrap elementor-element-populated\">\n\t\t\t\t\t\t<div class=\"elementor-element elementor-element-0328f94 elementor-widget elementor-widget-image\" data-id=\"0328f94\" data-element_type=\"widget\" data-e-type=\"widget\" data-widget_type=\"image.default\">\n\t\t\t\t<div class=\"elementor-widget-container\">\n\t\t\t\t\t\t\t\t\t\t\t\t\t\t\t<img loading=\"lazy\" decoding=\"async\" width=\"576\" height=\"1024\" src=\"https:\/\/caramel-electricite.fr\/wp-content\/uploads\/2025\/03\/Post-lequipe-Creperie-Saint-Jacques-1-576x1024.png\" class=\"attachment-large size-large wp-image-616\" alt=\"\" srcset=\"https:\/\/caramel-electricite.fr\/wp-content\/uploads\/2025\/03\/Post-lequipe-Creperie-Saint-Jacques-1-576x1024.png 576w, https:\/\/caramel-electricite.fr\/wp-content\/uploads\/2025\/03\/Post-lequipe-Creperie-Saint-Jacques-1-169x300.png 169w, https:\/\/caramel-electricite.fr\/wp-content\/uploads\/2025\/03\/Post-lequipe-Creperie-Saint-Jacques-1-768x1365.png 768w, https:\/\/caramel-electricite.fr\/wp-content\/uploads\/2025\/03\/Post-lequipe-Creperie-Saint-Jacques-1-864x1536.png 864w, https:\/\/caramel-electricite.fr\/wp-content\/uploads\/2025\/03\/Post-lequipe-Creperie-Saint-Jacques-1.png 1080w\" sizes=\"(max-width: 576px) 100vw, 576px\" \/>\t\t\t\t\t\t\t\t\t\t\t\t\t\t\t<\/div>\n\t\t\t\t<\/div>\n\t\t\t\t\t<\/div>\n\t\t<\/div>\n\t\t\t\t<div class=\"elementor-column elementor-col-50 elementor-top-column elementor-element elementor-element-2dbde3a\" data-id=\"2dbde3a\" data-element_type=\"column\" data-e-type=\"column\">\n\t\t\t<div class=\"elementor-widget-wrap elementor-element-populated\">\n\t\t\t\t\t\t<div class=\"elementor-element elementor-element-aa9f682 elementor-widget elementor-widget-text-editor\" data-id=\"aa9f682\" data-element_type=\"widget\" data-e-type=\"widget\" data-widget_type=\"text-editor.default\">\n\t\t\t\t<div class=\"elementor-widget-container\">\n\t\t\t\t\t\t\t\t\t<h2 data-pm-slice=\"1 1 []\"><strong>Pourquoi choisir Nicolas Caramel pour vos travaux de r\u00e9novation \u00e9lectrique ?<\/strong><\/h2><h3><strong>Une expertise reconnue<\/strong><\/h3><p>Avec plus de <strong>20 ans d\u2019exp\u00e9rience<\/strong>, notre entreprise a su d\u00e9velopper un savoir-faire unique dans le domaine de la r\u00e9novation \u00e9lectrique en <strong>Charente-Maritime<\/strong>. Nous intervenons avec professionnalisme et rigueur pour assurer des installations fiables et conformes aux normes.<\/p><h3><strong>Un accompagnement sur mesure<\/strong><\/h3><p>Chaque projet est unique. Nous \u00e9tudions vos besoins en d\u00e9tail et vous proposons des solutions personnalis\u00e9es pour am\u00e9liorer votre confort et votre s\u00e9curit\u00e9.<\/p><h3><strong>Des mat\u00e9riaux et \u00e9quipements de qualit\u00e9<\/strong><\/h3><p>Nous travaillons avec des marques reconnues comme <strong>Legrand, Schneider Electric et Hager<\/strong> pour garantir des installations durables et performantes.<\/p><h3><strong>Un devis gratuit et transparent<\/strong><\/h3><p>Nous vous fournissons un devis clair et pr\u00e9cis, sans surprise. Nos tarifs sont comp\u00e9titifs et adapt\u00e9s \u00e0 votre budget.<\/p><h2><strong>Faites confiance \u00e0 Nicolas Caramel pour une r\u00e9novation \u00e9lectrique r\u00e9ussie !<\/strong><\/h2><p>Ne laissez pas une installation obsol\u00e8te compromettre votre s\u00e9curit\u00e9 et votre confort. Faites appel \u00e0 <strong>Nicolas Caramel<\/strong>, votre expert en r\u00e9novation \u00e9lectrique \u00e0 <strong>Vaux-sur-Mer, Royan et en Charente-Maritime<\/strong>.<\/p><p>\ud83d\udcde <strong>Contactez-nous d\u00e8s aujourd\u2019hui<\/strong> pour obtenir un <strong>diagnostic et un devis gratuit<\/strong>. Modernisez votre installation et profitez d\u2019un habitat plus s\u00fbr, performant et confortable !<\/p>\t\t\t\t\t\t\t\t<\/div>\n\t\t\t\t<\/div>\n\t\t\t\t<div class=\"elementor-element elementor-element-71b4efd elementor-align-left elementor-widget elementor-widget-button\" data-id=\"71b4efd\" data-element_type=\"widget\" data-e-type=\"widget\" data-widget_type=\"button.default\">\n\t\t\t\t<div class=\"elementor-widget-container\">\n\t\t\t\t\t\t\t\t\t<div class=\"elementor-button-wrapper\">\n\t\t\t\t\t<a class=\"elementor-button elementor-button-link elementor-size-sm\" href=\"https:\/\/caramel-electricite.fr\/index.php\/nous-trouver\/\">\n\t\t\t\t\t\t<span class=\"elementor-button-content-wrapper\">\n\t\t\t\t\t\t\t\t\t<span class=\"elementor-button-text\">Nous contacter<\/span>\n\t\t\t\t\t<\/span>\n\t\t\t\t\t<\/a>\n\t\t\t\t<\/div>\n\t\t\t\t\t\t\t\t<\/div>\n\t\t\t\t<\/div>\n\t\t\t\t\t<\/div>\n\t\t<\/div>\n\t\t\t\t\t<\/div>\n\t\t<\/section>\n\t\t\t\t<\/div>\n\t\t","protected":false},"excerpt":{"rendered":"<p>R\u00e9novation R\u00e9novation \u00e9lectrique Royan avec Nicolas Caramel Modernisez votre installation pour plus de s\u00e9curit\u00e9 et de confort Votre installation \u00e9lectrique est-elle aux normes ? Vous constatez des pannes r\u00e9p\u00e9t\u00e9es, des prises d\u00e9fectueuses ou un tableau \u00e9lectrique vieillissant ? Il est peut-\u00eatre temps d\u2019envisager une r\u00e9novation \u00e9lectrique. Chez Nicolas Caramel, nous mettons notre expertise au service [&hellip;]<\/p>\n","protected":false},"author":1,"featured_media":0,"parent":0,"menu_order":0,"comment_status":"closed","ping_status":"closed","template":"elementor_header_footer","meta":{"footnotes":""},"class_list":["post-205","page","type-page","status-publish","hentry"],"jetpack_sharing_enabled":true,"_links":{"self":[{"href":"https:\/\/caramel-electricite.fr\/index.php\/wp-json\/wp\/v2\/pages\/205","targetHints":{"allow":["GET"]}}],"collection":[{"href":"https:\/\/caramel-electricite.fr\/index.php\/wp-json\/wp\/v2\/pages"}],"about":[{"href":"https:\/\/caramel-electricite.fr\/index.php\/wp-json\/wp\/v2\/types\/page"}],"author":[{"embeddable":true,"href":"https:\/\/caramel-electricite.fr\/index.php\/wp-json\/wp\/v2\/users\/1"}],"replies":[{"embeddable":true,"href":"https:\/\/caramel-electricite.fr\/index.php\/wp-json\/wp\/v2\/comments?post=205"}],"version-history":[{"count":22,"href":"https:\/\/caramel-electricite.fr\/index.php\/wp-json\/wp\/v2\/pages\/205\/revisions"}],"predecessor-version":[{"id":622,"href":"https:\/\/caramel-electricite.fr\/index.php\/wp-json\/wp\/v2\/pages\/205\/revisions\/622"}],"wp:attachment":[{"href":"https:\/\/caramel-electricite.fr\/index.php\/wp-json\/wp\/v2\/media?parent=205"}],"curies":[{"name":"wp","href":"https:\/\/api.w.org\/{rel}","templated":true}]}}