{"id":14,"date":"2023-08-07T10:11:27","date_gmt":"2023-08-07T08:11:27","guid":{"rendered":"https:\/\/caramel-electricite.fr\/?page_id=14"},"modified":"2025-03-20T15:47:06","modified_gmt":"2025-03-20T14:47:06","slug":"neuf-et-domotique-royan","status":"publish","type":"page","link":"https:\/\/caramel-electricite.fr\/index.php\/neuf-et-domotique-royan\/","title":{"rendered":"Neuf et domotique"},"content":{"rendered":"\t\t<div data-elementor-type=\"wp-page\" data-elementor-id=\"14\" class=\"elementor elementor-14\" data-elementor-post-type=\"page\">\n\t\t\t\t\t\t<section class=\"elementor-section elementor-top-section elementor-element elementor-element-f628542 elementor-section-content-middle elementor-hidden-tablet elementor-hidden-phone elementor-section-boxed elementor-section-height-default elementor-section-height-default\" data-id=\"f628542\" data-element_type=\"section\" data-e-type=\"section\" data-settings=\"{&quot;background_background&quot;:&quot;classic&quot;}\">\n\t\t\t\t\t\t\t<div class=\"elementor-background-overlay\"><\/div>\n\t\t\t\t\t\t\t<div class=\"elementor-container elementor-column-gap-default\">\n\t\t\t\t\t<div class=\"elementor-column elementor-col-100 elementor-top-column elementor-element elementor-element-30a950c\" data-id=\"30a950c\" data-element_type=\"column\" data-e-type=\"column\" data-settings=\"{&quot;background_background&quot;:&quot;classic&quot;}\">\n\t\t\t<div class=\"elementor-widget-wrap elementor-element-populated\">\n\t\t\t\t\t\t<div class=\"elementor-element elementor-element-92ee66a elementor-widget elementor-widget-heading\" data-id=\"92ee66a\" data-element_type=\"widget\" data-e-type=\"widget\" data-widget_type=\"heading.default\">\n\t\t\t\t<div class=\"elementor-widget-container\">\n\t\t\t\t\t<h2 class=\"elementor-heading-title elementor-size-default\">Neuf &amp; Domotique<\/h2>\t\t\t\t<\/div>\n\t\t\t\t<\/div>\n\t\t\t\t\t<\/div>\n\t\t<\/div>\n\t\t\t\t\t<\/div>\n\t\t<\/section>\n\t\t\t\t<section class=\"elementor-section elementor-top-section elementor-element elementor-element-82e01f5 elementor-section-boxed elementor-section-height-default elementor-section-height-default\" data-id=\"82e01f5\" data-element_type=\"section\" data-e-type=\"section\">\n\t\t\t\t\t\t<div class=\"elementor-container elementor-column-gap-default\">\n\t\t\t\t\t<div class=\"elementor-column elementor-col-100 elementor-top-column elementor-element elementor-element-5353dc0\" data-id=\"5353dc0\" data-element_type=\"column\" data-e-type=\"column\">\n\t\t\t<div class=\"elementor-widget-wrap elementor-element-populated\">\n\t\t\t\t\t\t<div class=\"elementor-element elementor-element-66f9f3d elementor-widget elementor-widget-heading\" data-id=\"66f9f3d\" data-element_type=\"widget\" data-e-type=\"widget\" data-widget_type=\"heading.default\">\n\t\t\t\t<div class=\"elementor-widget-container\">\n\t\t\t\t\t<h1 class=\"elementor-heading-title elementor-size-default\">Domotique Royan et \u00c9lectricit\u00e9 Neuve <br>Offrez \u00e0 Votre Maison un Contr\u00f4le Intelligent avec Nicolas Caramel<\/h1>\t\t\t\t<\/div>\n\t\t\t\t<\/div>\n\t\t\t\t\t<\/div>\n\t\t<\/div>\n\t\t\t\t\t<\/div>\n\t\t<\/section>\n\t\t\t\t<section class=\"elementor-section elementor-top-section elementor-element elementor-element-5b1234d elementor-section-boxed elementor-section-height-default elementor-section-height-default\" data-id=\"5b1234d\" data-element_type=\"section\" data-e-type=\"section\">\n\t\t\t\t\t\t<div class=\"elementor-container elementor-column-gap-default\">\n\t\t\t\t\t<div class=\"elementor-column elementor-col-100 elementor-top-column elementor-element elementor-element-d01b058\" data-id=\"d01b058\" data-element_type=\"column\" data-e-type=\"column\">\n\t\t\t<div class=\"elementor-widget-wrap elementor-element-populated\">\n\t\t\t\t\t\t<div class=\"elementor-element elementor-element-4bed120 elementor-widget elementor-widget-text-editor\" data-id=\"4bed120\" data-element_type=\"widget\" data-e-type=\"widget\" data-widget_type=\"text-editor.default\">\n\t\t\t\t<div class=\"elementor-widget-container\">\n\t\t\t\t\t\t\t\t\t<p data-pm-slice=\"1 1 []\">Vous souhaitez moderniser votre habitation avec des solutions innovantes et connect\u00e9es ? La domotique est la r\u00e9ponse parfaite pour am\u00e9liorer votre confort, votre s\u00e9curit\u00e9 et r\u00e9aliser des \u00e9conomies d&#8217;\u00e9nergie. Chez <strong>Nicolas Caramel<\/strong>, nous sommes experts en installation domotique et en \u00e9lectricit\u00e9 neuve \u00e0 <strong>Vaux-sur-Mer<\/strong> et dans toute la r\u00e9gion. Nous vous proposons des solutions intelligentes adapt\u00e9es \u00e0 votre mode de vie.<\/p>\t\t\t\t\t\t\t\t<\/div>\n\t\t\t\t<\/div>\n\t\t\t\t<div class=\"elementor-element elementor-element-7678759 elementor-widget elementor-widget-text-editor\" data-id=\"7678759\" data-element_type=\"widget\" data-e-type=\"widget\" data-widget_type=\"text-editor.default\">\n\t\t\t\t<div class=\"elementor-widget-container\">\n\t\t\t\t\t\t\t\t\t<p><span style=\"text-decoration: underline;\"><strong>Nos partenaires<\/strong><\/span><\/p>\t\t\t\t\t\t\t\t<\/div>\n\t\t\t\t<\/div>\n\t\t\t\t<section class=\"elementor-section elementor-inner-section elementor-element elementor-element-5bb4ac8 elementor-section-boxed elementor-section-height-default elementor-section-height-default\" data-id=\"5bb4ac8\" data-element_type=\"section\" data-e-type=\"section\">\n\t\t\t\t\t\t<div class=\"elementor-container elementor-column-gap-default\">\n\t\t\t\t\t<div class=\"elementor-column elementor-col-50 elementor-inner-column elementor-element elementor-element-edbc664\" data-id=\"edbc664\" data-element_type=\"column\" data-e-type=\"column\">\n\t\t\t<div class=\"elementor-widget-wrap elementor-element-populated\">\n\t\t\t\t\t\t<div class=\"elementor-element elementor-element-6dc9ef8 elementor-widget elementor-widget-image\" data-id=\"6dc9ef8\" data-element_type=\"widget\" data-e-type=\"widget\" data-widget_type=\"image.default\">\n\t\t\t\t<div class=\"elementor-widget-container\">\n\t\t\t\t\t\t\t\t\t\t\t\t\t\t\t\t<a href=\"https:\/\/www.urmetwithyokis.fr\/\" target=\"_blank\" rel=\"noopener\">\n\t\t\t\t\t\t\t<img decoding=\"async\" width=\"144\" height=\"86\" src=\"https:\/\/caramel-electricite.fr\/wp-content\/uploads\/2023\/08\/urmet-with-yokis.gif\" class=\"attachment-full size-full wp-image-350\" alt=\"urmet-with-yokis-royan-17200\" \/>\t\t\t\t\t\t\t\t<\/a>\n\t\t\t\t\t\t\t\t\t\t\t\t\t\t\t<\/div>\n\t\t\t\t<\/div>\n\t\t\t\t\t<\/div>\n\t\t<\/div>\n\t\t\t\t<div class=\"elementor-column elementor-col-50 elementor-inner-column elementor-element elementor-element-d5aac15\" data-id=\"d5aac15\" data-element_type=\"column\" data-e-type=\"column\">\n\t\t\t<div class=\"elementor-widget-wrap elementor-element-populated\">\n\t\t\t\t\t\t<div class=\"elementor-element elementor-element-f91f67b elementor-widget elementor-widget-image\" data-id=\"f91f67b\" data-element_type=\"widget\" data-e-type=\"widget\" data-widget_type=\"image.default\">\n\t\t\t\t<div class=\"elementor-widget-container\">\n\t\t\t\t\t\t\t\t\t\t\t\t\t\t\t\t<a href=\"https:\/\/www.deltadore.fr\/\" target=\"_blank\" rel=\"noopener\">\n\t\t\t\t\t\t\t<img fetchpriority=\"high\" decoding=\"async\" width=\"2560\" height=\"1026\" src=\"https:\/\/caramel-electricite.fr\/wp-content\/uploads\/2023\/08\/Copie-de-Logo_DeltaDore_RVB-scaled.jpg\" class=\"attachment-full size-full wp-image-351\" alt=\"DeltaDore-nicolas_caramel\" srcset=\"https:\/\/caramel-electricite.fr\/wp-content\/uploads\/2023\/08\/Copie-de-Logo_DeltaDore_RVB-scaled.jpg 2560w, https:\/\/caramel-electricite.fr\/wp-content\/uploads\/2023\/08\/Copie-de-Logo_DeltaDore_RVB-300x120.jpg 300w, https:\/\/caramel-electricite.fr\/wp-content\/uploads\/2023\/08\/Copie-de-Logo_DeltaDore_RVB-1024x411.jpg 1024w, https:\/\/caramel-electricite.fr\/wp-content\/uploads\/2023\/08\/Copie-de-Logo_DeltaDore_RVB-768x308.jpg 768w, https:\/\/caramel-electricite.fr\/wp-content\/uploads\/2023\/08\/Copie-de-Logo_DeltaDore_RVB-1536x616.jpg 1536w, https:\/\/caramel-electricite.fr\/wp-content\/uploads\/2023\/08\/Copie-de-Logo_DeltaDore_RVB-2048x821.jpg 2048w\" sizes=\"(max-width: 2560px) 100vw, 2560px\" \/>\t\t\t\t\t\t\t\t<\/a>\n\t\t\t\t\t\t\t\t\t\t\t\t\t\t\t<\/div>\n\t\t\t\t<\/div>\n\t\t\t\t\t<\/div>\n\t\t<\/div>\n\t\t\t\t\t<\/div>\n\t\t<\/section>\n\t\t\t\t\t<\/div>\n\t\t<\/div>\n\t\t\t\t\t<\/div>\n\t\t<\/section>\n\t\t\t\t<section class=\"elementor-section elementor-top-section elementor-element elementor-element-390def8 elementor-section-boxed elementor-section-height-default elementor-section-height-default\" data-id=\"390def8\" data-element_type=\"section\" data-e-type=\"section\">\n\t\t\t\t\t\t<div class=\"elementor-container elementor-column-gap-default\">\n\t\t\t\t\t<div class=\"elementor-column elementor-col-50 elementor-top-column elementor-element elementor-element-5c60446\" data-id=\"5c60446\" data-element_type=\"column\" data-e-type=\"column\">\n\t\t\t<div class=\"elementor-widget-wrap elementor-element-populated\">\n\t\t\t\t\t\t<div class=\"elementor-element elementor-element-cf65df8 elementor-widget elementor-widget-text-editor\" data-id=\"cf65df8\" data-element_type=\"widget\" data-e-type=\"widget\" data-widget_type=\"text-editor.default\">\n\t\t\t\t<div class=\"elementor-widget-container\">\n\t\t\t\t\t\t\t\t\t<h2 data-pm-slice=\"1 1 []\"><strong>Installation de Syst\u00e8mes Domotiques : La Maison Connect\u00e9e \u00e0 Port\u00e9e de Main<\/strong><\/h2><p>La domotique permet de piloter et d&#8217;automatiser \u00e0 distance divers \u00e9quipements \u00e9lectriques de votre maison via votre smartphone, tablette ou assistant vocal.<\/p><h3><strong>Nos solutions domotiques incluent :<\/strong><\/h3><ul data-spread=\"false\"><li><p><strong>Gestion de l&#8217;\u00e9clairage<\/strong> : Commandez vos luminaires \u00e0 distance ou programmez des ambiances lumineuses selon vos besoins.<\/p><\/li><li><p><strong>Chauffage et climatisation intelligents<\/strong> : R\u00e9glez la temp\u00e9rature de chaque pi\u00e8ce pour un confort optimal tout en r\u00e9duisant votre consommation d&#8217;\u00e9nergie.<\/p><\/li><li><p><strong>Syst\u00e8me de s\u00e9curit\u00e9 connect\u00e9<\/strong> : Surveillez votre domicile avec des cam\u00e9ras, d\u00e9tecteurs de mouvement et alarmes accessibles \u00e0 distance.<\/p><\/li><li><p><strong>Automatisation des volets et stores<\/strong> : Programmez l&#8217;ouverture et la fermeture en fonction de l&#8217;heure ou de la m\u00e9t\u00e9o.<\/p><\/li><li><p><strong>Contr\u00f4le des appareils multim\u00e9dias<\/strong> : Synchronisez vos \u00e9quipements audio et vid\u00e9o pour une gestion simplifi\u00e9e.<\/p><\/li><\/ul><p>Nos syst\u00e8mes sont compatibles avec les plus grandes marques comme <strong>Delta Dore, Somfy et Urmet<\/strong>, garantissant une int\u00e9gration parfaite et une utilisation intuitive.<\/p>\t\t\t\t\t\t\t\t<\/div>\n\t\t\t\t<\/div>\n\t\t\t\t\t<\/div>\n\t\t<\/div>\n\t\t\t\t<div class=\"elementor-column elementor-col-50 elementor-top-column elementor-element elementor-element-5eaf01e\" data-id=\"5eaf01e\" data-element_type=\"column\" data-e-type=\"column\">\n\t\t\t<div class=\"elementor-widget-wrap elementor-element-populated\">\n\t\t\t\t\t\t<div class=\"elementor-element elementor-element-e5be8e2 elementor-widget__width-initial elementor-widget elementor-widget-image\" data-id=\"e5be8e2\" data-element_type=\"widget\" data-e-type=\"widget\" data-widget_type=\"image.default\">\n\t\t\t\t<div class=\"elementor-widget-container\">\n\t\t\t\t\t\t\t\t\t\t\t\t\t\t\t<img decoding=\"async\" width=\"1080\" height=\"1920\" src=\"https:\/\/caramel-electricite.fr\/wp-content\/uploads\/2025\/03\/Post-lequipe-Creperie-Saint-Jacques.png\" class=\"attachment-full size-full wp-image-611\" alt=\"\" srcset=\"https:\/\/caramel-electricite.fr\/wp-content\/uploads\/2025\/03\/Post-lequipe-Creperie-Saint-Jacques.png 1080w, https:\/\/caramel-electricite.fr\/wp-content\/uploads\/2025\/03\/Post-lequipe-Creperie-Saint-Jacques-169x300.png 169w, https:\/\/caramel-electricite.fr\/wp-content\/uploads\/2025\/03\/Post-lequipe-Creperie-Saint-Jacques-576x1024.png 576w, https:\/\/caramel-electricite.fr\/wp-content\/uploads\/2025\/03\/Post-lequipe-Creperie-Saint-Jacques-768x1365.png 768w, https:\/\/caramel-electricite.fr\/wp-content\/uploads\/2025\/03\/Post-lequipe-Creperie-Saint-Jacques-864x1536.png 864w\" sizes=\"(max-width: 1080px) 100vw, 1080px\" \/>\t\t\t\t\t\t\t\t\t\t\t\t\t\t\t<\/div>\n\t\t\t\t<\/div>\n\t\t\t\t\t<\/div>\n\t\t<\/div>\n\t\t\t\t\t<\/div>\n\t\t<\/section>\n\t\t\t\t<section class=\"elementor-section elementor-top-section elementor-element elementor-element-88dfd1a elementor-section-boxed elementor-section-height-default elementor-section-height-default\" data-id=\"88dfd1a\" data-element_type=\"section\" data-e-type=\"section\">\n\t\t\t\t\t\t<div class=\"elementor-container elementor-column-gap-default\">\n\t\t\t\t\t<div class=\"elementor-column elementor-col-100 elementor-top-column elementor-element elementor-element-c20c004\" data-id=\"c20c004\" data-element_type=\"column\" data-e-type=\"column\">\n\t\t\t<div class=\"elementor-widget-wrap elementor-element-populated\">\n\t\t\t\t\t\t<div class=\"elementor-element elementor-element-d5cd057 elementor-widget elementor-widget-text-editor\" data-id=\"d5cd057\" data-element_type=\"widget\" data-e-type=\"widget\" data-widget_type=\"text-editor.default\">\n\t\t\t\t<div class=\"elementor-widget-container\">\n\t\t\t\t\t\t\t\t\t<h2 style=\"text-align: center;\" data-pm-slice=\"1 1 []\"><strong>Pourquoi Opter pour la Domotique avec Nicolas Caramel ?<\/strong><\/h2><h3 style=\"text-align: center;\"><strong>1. Un confort optimal<\/strong><\/h3><p style=\"text-align: center;\">Fini les allers-retours pour r\u00e9gler vos appareils ! Avec la domotique, pilotez tout depuis votre smartphone et profitez d\u2019un confort absolu au quotidien.<\/p><h3 style=\"text-align: center;\"><strong>2. Des \u00e9conomies d&#8217;\u00e9nergie significatives<\/strong><\/h3><p style=\"text-align: center;\">Une maison intelligente permet d\u2019adapter votre consommation \u00e0 vos habitudes et de limiter le gaspillage. R\u00e9duisez vos factures gr\u00e2ce \u00e0 des syst\u00e8mes de chauffage, de climatisation et d&#8217;\u00e9clairage intelligents.<\/p><h3 style=\"text-align: center;\"><strong>3. Une s\u00e9curit\u00e9 renforc\u00e9e<\/strong><\/h3><p style=\"text-align: center;\">Surveillez votre maison o\u00f9 que vous soyez. Recevez des alertes en cas d\u2019intrusion et d\u00e9cidez de l\u2019activation de vos syst\u00e8mes \u00e0 distance pour une s\u00e9curit\u00e9 maximale.<\/p><h3 style=\"text-align: center;\"><strong>4. Une installation adapt\u00e9e \u00e0 votre maison<\/strong><\/h3><p style=\"text-align: center;\">Nous analysons vos besoins et installons des solutions domotiques sur mesure, que ce soit pour une <strong>construction neuve<\/strong> ou une <strong>r\u00e9novation \u00e9lectrique<\/strong>.<\/p>\t\t\t\t\t\t\t\t<\/div>\n\t\t\t\t<\/div>\n\t\t\t\t<div class=\"elementor-element elementor-element-66f6ab6 elementor-align-center elementor-widget elementor-widget-button\" data-id=\"66f6ab6\" data-element_type=\"widget\" data-e-type=\"widget\" data-widget_type=\"button.default\">\n\t\t\t\t<div class=\"elementor-widget-container\">\n\t\t\t\t\t\t\t\t\t<div class=\"elementor-button-wrapper\">\n\t\t\t\t\t<a class=\"elementor-button elementor-button-link elementor-size-sm\" href=\"https:\/\/caramel-electricite.fr\/index.php\/nous-trouver\/\">\n\t\t\t\t\t\t<span class=\"elementor-button-content-wrapper\">\n\t\t\t\t\t\t\t\t\t<span class=\"elementor-button-text\">Nous contacter<\/span>\n\t\t\t\t\t<\/span>\n\t\t\t\t\t<\/a>\n\t\t\t\t<\/div>\n\t\t\t\t\t\t\t\t<\/div>\n\t\t\t\t<\/div>\n\t\t\t\t\t<\/div>\n\t\t<\/div>\n\t\t\t\t\t<\/div>\n\t\t<\/section>\n\t\t\t\t<section class=\"elementor-section elementor-top-section elementor-element elementor-element-b100c2a elementor-section-boxed elementor-section-height-default elementor-section-height-default\" data-id=\"b100c2a\" data-element_type=\"section\" data-e-type=\"section\">\n\t\t\t\t\t\t<div class=\"elementor-container elementor-column-gap-default\">\n\t\t\t\t\t<div class=\"elementor-column elementor-col-50 elementor-top-column elementor-element elementor-element-07b9b6c\" data-id=\"07b9b6c\" data-element_type=\"column\" data-e-type=\"column\">\n\t\t\t<div class=\"elementor-widget-wrap elementor-element-populated\">\n\t\t\t\t\t\t<div class=\"elementor-element elementor-element-3e47c99 elementor-widget elementor-widget-image\" data-id=\"3e47c99\" data-element_type=\"widget\" data-e-type=\"widget\" data-widget_type=\"image.default\">\n\t\t\t\t<div class=\"elementor-widget-container\">\n\t\t\t\t\t\t\t\t\t\t\t\t\t\t\t<img loading=\"lazy\" decoding=\"async\" width=\"800\" height=\"450\" src=\"https:\/\/caramel-electricite.fr\/wp-content\/uploads\/2024\/02\/Domotique-a-saintpalais-1024x576.png\" class=\"attachment-large size-large wp-image-476\" alt=\"Domotique-a-saint-palais\" srcset=\"https:\/\/caramel-electricite.fr\/wp-content\/uploads\/2024\/02\/Domotique-a-saintpalais-1024x576.png 1024w, https:\/\/caramel-electricite.fr\/wp-content\/uploads\/2024\/02\/Domotique-a-saintpalais-300x169.png 300w, https:\/\/caramel-electricite.fr\/wp-content\/uploads\/2024\/02\/Domotique-a-saintpalais-768x432.png 768w, https:\/\/caramel-electricite.fr\/wp-content\/uploads\/2024\/02\/Domotique-a-saintpalais-1536x864.png 1536w, https:\/\/caramel-electricite.fr\/wp-content\/uploads\/2024\/02\/Domotique-a-saintpalais-2048x1152.png 2048w\" sizes=\"(max-width: 800px) 100vw, 800px\" \/>\t\t\t\t\t\t\t\t\t\t\t\t\t\t\t<\/div>\n\t\t\t\t<\/div>\n\t\t\t\t\t<\/div>\n\t\t<\/div>\n\t\t\t\t<div class=\"elementor-column elementor-col-50 elementor-top-column elementor-element elementor-element-872567e\" data-id=\"872567e\" data-element_type=\"column\" data-e-type=\"column\">\n\t\t\t<div class=\"elementor-widget-wrap elementor-element-populated\">\n\t\t\t\t\t\t<div class=\"elementor-element elementor-element-7b989e2 elementor-widget elementor-widget-text-editor\" data-id=\"7b989e2\" data-element_type=\"widget\" data-e-type=\"widget\" data-widget_type=\"text-editor.default\">\n\t\t\t\t<div class=\"elementor-widget-container\">\n\t\t\t\t\t\t\t\t\t<h2 data-pm-slice=\"1 1 []\"><strong>\u00c9lectricit\u00e9 Neuve : Une Base Solide pour un Habitat Moderne<\/strong><\/h2><p>Une installation \u00e9lectrique performante et conforme aux normes est essentielle pour assurer la s\u00e9curit\u00e9 et la fonctionnalit\u00e9 de votre logement.<\/p><h3><strong>Nos services d&#8217;\u00e9lectricit\u00e9 neuve comprennent :<\/strong><\/h3><ul data-spread=\"false\"><li><p>Conception et installation compl\u00e8te du r\u00e9seau \u00e9lectrique.<\/p><\/li><li><p>Mise en place de prises, interrupteurs et luminaires.<\/p><\/li><li><p>Installation de tableaux \u00e9lectriques et disjoncteurs.<\/p><\/li><li><p>Mise aux normes pour la conformit\u00e9 avec la r\u00e9glementation en vigueur.<\/p><\/li><\/ul><p>Que vous construisiez votre maison ou que vous souhaitiez moderniser une installation existante, nous vous accompagnons avec expertise et professionnalisme.<\/p>\t\t\t\t\t\t\t\t<\/div>\n\t\t\t\t<\/div>\n\t\t\t\t\t<\/div>\n\t\t<\/div>\n\t\t\t\t\t<\/div>\n\t\t<\/section>\n\t\t\t\t<section class=\"elementor-section elementor-top-section elementor-element elementor-element-e2f7411 elementor-section-boxed elementor-section-height-default elementor-section-height-default\" data-id=\"e2f7411\" data-element_type=\"section\" data-e-type=\"section\">\n\t\t\t\t\t\t<div class=\"elementor-container elementor-column-gap-default\">\n\t\t\t\t\t<div class=\"elementor-column elementor-col-100 elementor-top-column elementor-element elementor-element-eacecae\" data-id=\"eacecae\" data-element_type=\"column\" data-e-type=\"column\">\n\t\t\t<div class=\"elementor-widget-wrap elementor-element-populated\">\n\t\t\t\t\t\t<div class=\"elementor-element elementor-element-221e763 elementor-widget elementor-widget-text-editor\" data-id=\"221e763\" data-element_type=\"widget\" data-e-type=\"widget\" data-widget_type=\"text-editor.default\">\n\t\t\t\t<div class=\"elementor-widget-container\">\n\t\t\t\t\t\t\t\t\t<h2 style=\"text-align: center;\" data-pm-slice=\"1 1 []\"><strong>Pourquoi Choisir Nicolas Caramel pour Vos Projets Domotiques et \u00c9lectriques ?<\/strong><\/h2><h3 style=\"text-align: center;\"><strong>Une expertise reconnue<\/strong><\/h3><p style=\"text-align: center;\">Avec plus de <strong>20 ans d&#8217;exp\u00e9rience<\/strong>, nous sommes r\u00e9f\u00e9renc\u00e9s parmi les meilleurs installateurs domotiques et \u00e9lectriciens en <strong>Charente-Maritime<\/strong>.<\/p><h3 style=\"text-align: center;\"><strong>Un accompagnement sur mesure<\/strong><\/h3><p style=\"text-align: center;\">Chaque maison est unique ! Nous \u00e9tudions vos besoins pour vous proposer une solution 100% personnalis\u00e9e.<\/p><h3 style=\"text-align: center;\"><strong>Des solutions performantes et durables<\/strong><\/h3><p style=\"text-align: center;\">Nous travaillons avec des technologies de pointe, fiables et \u00e9volutives pour garantir un confort durable.<\/p><h3 style=\"text-align: center;\"><strong>Une intervention locale rapide<\/strong><\/h3><p style=\"text-align: center;\">Bas\u00e9s \u00e0 <strong>Vaux-sur-Mer<\/strong>, nous intervenons \u00e0 <strong>Royan, Saint-Palais-sur-Mer, La Palmyre et dans toute la Charente-Maritime<\/strong>.<\/p><h2 style=\"text-align: center;\"><strong>Contactez-nous pour Transformer Votre Maison en un Habitat Intelligent !<\/strong><\/h2><p style=\"text-align: center;\">Vous souhaitez installer un syst\u00e8me domotique ou moderniser votre \u00e9lectricit\u00e9 ? Faites appel \u00e0 <strong>Nicolas Caramel<\/strong> pour une <strong>installation fiable, performante et sur mesure<\/strong>. Gr\u00e2ce \u00e0 des solutions innovantes, vous optimisez votre consommation \u00e9nerg\u00e9tique tout en am\u00e9liorant votre confort au quotidien, o\u00f9 que vous soyez.<\/p><p style=\"text-align: center;\">\ud83d\udcde <strong>Contactez-nous d\u00e8s aujourd\u2019hui<\/strong> pour un <strong>devis gratuit<\/strong> et profitez du meilleur de la technologie pour votre confort et votre s\u00e9curit\u00e9 !<\/p>\t\t\t\t\t\t\t\t<\/div>\n\t\t\t\t<\/div>\n\t\t\t\t<div class=\"elementor-element elementor-element-80ca000 elementor-align-center elementor-widget elementor-widget-button\" data-id=\"80ca000\" data-element_type=\"widget\" data-e-type=\"widget\" data-widget_type=\"button.default\">\n\t\t\t\t<div class=\"elementor-widget-container\">\n\t\t\t\t\t\t\t\t\t<div class=\"elementor-button-wrapper\">\n\t\t\t\t\t<a class=\"elementor-button elementor-button-link elementor-size-sm\" href=\"https:\/\/caramel-electricite.fr\/index.php\/nous-trouver\/\">\n\t\t\t\t\t\t<span class=\"elementor-button-content-wrapper\">\n\t\t\t\t\t\t\t\t\t<span class=\"elementor-button-text\">Nous contacter<\/span>\n\t\t\t\t\t<\/span>\n\t\t\t\t\t<\/a>\n\t\t\t\t<\/div>\n\t\t\t\t\t\t\t\t<\/div>\n\t\t\t\t<\/div>\n\t\t\t\t\t<\/div>\n\t\t<\/div>\n\t\t\t\t\t<\/div>\n\t\t<\/section>\n\t\t\t\t<\/div>\n\t\t","protected":false},"excerpt":{"rendered":"<p>Neuf &amp; Domotique Domotique Royan et \u00c9lectricit\u00e9 Neuve Offrez \u00e0 Votre Maison un Contr\u00f4le Intelligent avec Nicolas Caramel Vous souhaitez moderniser votre habitation avec des solutions innovantes et connect\u00e9es ? La domotique est la r\u00e9ponse parfaite pour am\u00e9liorer votre confort, votre s\u00e9curit\u00e9 et r\u00e9aliser des \u00e9conomies d&#8217;\u00e9nergie. Chez Nicolas Caramel, nous sommes experts en installation [&hellip;]<\/p>\n","protected":false},"author":1,"featured_media":0,"parent":0,"menu_order":0,"comment_status":"closed","ping_status":"closed","template":"elementor_header_footer","meta":{"footnotes":""},"class_list":["post-14","page","type-page","status-publish","hentry"],"jetpack_sharing_enabled":true,"_links":{"self":[{"href":"https:\/\/caramel-electricite.fr\/index.php\/wp-json\/wp\/v2\/pages\/14","targetHints":{"allow":["GET"]}}],"collection":[{"href":"https:\/\/caramel-electricite.fr\/index.php\/wp-json\/wp\/v2\/pages"}],"about":[{"href":"https:\/\/caramel-electricite.fr\/index.php\/wp-json\/wp\/v2\/types\/page"}],"author":[{"embeddable":true,"href":"https:\/\/caramel-electricite.fr\/index.php\/wp-json\/wp\/v2\/users\/1"}],"replies":[{"embeddable":true,"href":"https:\/\/caramel-electricite.fr\/index.php\/wp-json\/wp\/v2\/comments?post=14"}],"version-history":[{"count":36,"href":"https:\/\/caramel-electricite.fr\/index.php\/wp-json\/wp\/v2\/pages\/14\/revisions"}],"predecessor-version":[{"id":614,"href":"https:\/\/caramel-electricite.fr\/index.php\/wp-json\/wp\/v2\/pages\/14\/revisions\/614"}],"wp:attachment":[{"href":"https:\/\/caramel-electricite.fr\/index.php\/wp-json\/wp\/v2\/media?parent=14"}],"curies":[{"name":"wp","href":"https:\/\/api.w.org\/{rel}","templated":true}]}}